{"id":10752,"date":"2023-08-08T13:50:50","date_gmt":"2023-08-08T13:50:50","guid":{"rendered":"https:\/\/ayvaz.sipa.web.tr\/urun\/aecas-kapasitif-seviye-salteri\/"},"modified":"2024-09-29T14:08:34","modified_gmt":"2024-09-29T14:08:34","slug":"aecas-capacitive-level-switch-2","status":"publish","type":"product","link":"https:\/\/www.ayvaz.com\/en\/product\/aecas-capacitive-level-switch-2\/","title":{"rendered":"AECAS Capacitive Level Switch"},"content":{"rendered":"","protected":false},"excerpt":{"rendered":"<p>AECAS seviye \u015falteri iletken s\u0131v\u0131larda, iletken olmayan s\u0131v\u0131larda, kat\u0131 partik\u00fcll\u00fc toz malzemelerde, yap\u0131\u015fkan ve asit\/bazik s\u0131v\u0131larda seviyenin kontrol\u00fc amac\u0131yla kullan\u0131lan kapasitif seviye sens\u00f6r\u00fcd\u00fcr. Elektrod \u00e7ubu\u011fu ile tank duvar\u0131 aras\u0131na malzeme geldi\u011finde bir kapasite de\u011fi\u015fimi olmaktad\u0131r ve bu de\u011fi\u015fim ayar s\u0131n\u0131r\u0131n\u0131 ge\u00e7ti\u011fi zaman kontak \u00e7\u0131k\u0131\u015f\u0131 verilmektedir.<\/p>\n<p>Zor proses \u015fartlar\u0131 i\u00e7in tasarlanm\u0131\u015ft\u0131r. Y\u00fcksek s\u0131cakl\u0131k ve bas\u0131n\u00e7 ortamlar\u0131 i\u00e7in so\u011futuculu modelleri imal edilebilir. Tetikleme noktas\u0131 ve r\u00f6le \u00e7al\u0131\u015fma aral\u0131\u011f\u0131 kalibrasyonu i\u015fletme \u015fartlar\u0131nda kullan\u0131c\u0131 taraf\u0131ndan yap\u0131labilir. Yatay veya dikey olarak ba\u011flanabilir.<\/p>\n<p><strong>Uygulama Alanlar\u0131:<\/strong><br \/>\n-S\u0131v\u0131 tanklar\u0131<br \/>\n-Glikol tanklar\u0131<br \/>\n-G\u0131da makinalar<br \/>\n-So\u011futma s\u0131v\u0131 tanklar\u0131<br \/>\n-Gemiler<br \/>\n-Salamura tanklar\u0131<br \/>\n-At\u0131k su<br \/>\n-\u015earap depolar\u0131<br \/>\n-Temiz su depolar\u0131<br \/>\n-Ya\u011f tanklar\u0131, CO2 s\u0131v\u0131 tanklar\u0131, y\u00fcksek s\u0131cakl\u0131kl\u0131 tanklar, d\u00fc\u015f\u00fck iletkenlikli s\u0131v\u0131lar<br \/>\n-Tah\u0131l deposu, \u00e7imento silosu, kum, hamur, s\u00fct tozu, yem, un, organik ve plastik gran\u00fcl tanklar\u0131<br \/>\n-S\u0131cak yap\u0131\u015fkan ve y\u00fcksek viskoziteli asit ve kimyasal s\u0131v\u0131lar<\/p>\n","protected":false},"featured_media":939,"template":"","meta":{"_acf_changed":false},"product_brand":[],"product_cat":[209,212],"product_tag":[],"class_list":{"0":"post-10752","1":"product","2":"type-product","3":"status-publish","4":"has-post-thumbnail","6":"product_cat-level-control","7":"product_cat-switches","9":"first","10":"instock","11":"shipping-taxable","12":"product-type-simple"},"acf":[],"aioseo_notices":[],"_links":{"self":[{"href":"https:\/\/www.ayvaz.com\/en\/wp-json\/wp\/v2\/product\/10752","targetHints":{"allow":["GET"]}}],"collection":[{"href":"https:\/\/www.ayvaz.com\/en\/wp-json\/wp\/v2\/product"}],"about":[{"href":"https:\/\/www.ayvaz.com\/en\/wp-json\/wp\/v2\/types\/product"}],"wp:featuredmedia":[{"embeddable":true,"href":"https:\/\/www.ayvaz.com\/en\/wp-json\/wp\/v2\/media\/939"}],"wp:attachment":[{"href":"https:\/\/www.ayvaz.com\/en\/wp-json\/wp\/v2\/media?parent=10752"}],"wp:term":[{"taxonomy":"product_brand","embeddable":true,"href":"https:\/\/www.ayvaz.com\/en\/wp-json\/wp\/v2\/product_brand?post=10752"},{"taxonomy":"product_cat","embeddable":true,"href":"https:\/\/www.ayvaz.com\/en\/wp-json\/wp\/v2\/product_cat?post=10752"},{"taxonomy":"product_tag","embeddable":true,"href":"https:\/\/www.ayvaz.com\/en\/wp-json\/wp\/v2\/product_tag?post=10752"}],"curies":[{"name":"wp","href":"https:\/\/api.w.org\/{rel}","templated":true}]}}