{"id":10051,"date":"2024-02-09T12:36:42","date_gmt":"2024-02-09T12:36:42","guid":{"rendered":"https:\/\/ayvaz.sipa.web.tr\/product\/ari-faba-plus-metal-koruklu-kesme-vanasi\/"},"modified":"2024-06-28T14:11:00","modified_gmt":"2024-06-28T14:11:00","slug":"ari-faba-plus","status":"publish","type":"product","link":"https:\/\/www.ayvaz.com\/en\/product\/ari-faba-plus\/","title":{"rendered":"ARI-FABA Plus Metal K\u00f6r\u00fckl\u00fc Kesme Vanas\u0131 EN"},"content":{"rendered":"","protected":false},"excerpt":{"rendered":"","protected":false},"featured_media":10332,"template":"","meta":{"_acf_changed":false},"product_brand":[],"product_cat":[186,181],"product_tag":[],"class_list":{"0":"post-10051","1":"product","2":"type-product","3":"status-publish","4":"has-post-thumbnail","6":"product_cat-isolation-valves-en","7":"product_cat-ari-armaturen-en","9":"first","10":"instock","11":"shipping-taxable","12":"product-type-simple"},"acf":[],"aioseo_notices":[],"_links":{"self":[{"href":"https:\/\/www.ayvaz.com\/en\/wp-json\/wp\/v2\/product\/10051","targetHints":{"allow":["GET"]}}],"collection":[{"href":"https:\/\/www.ayvaz.com\/en\/wp-json\/wp\/v2\/product"}],"about":[{"href":"https:\/\/www.ayvaz.com\/en\/wp-json\/wp\/v2\/types\/product"}],"wp:featuredmedia":[{"embeddable":true,"href":"https:\/\/www.ayvaz.com\/en\/wp-json\/wp\/v2\/media\/10332"}],"wp:attachment":[{"href":"https:\/\/www.ayvaz.com\/en\/wp-json\/wp\/v2\/media?parent=10051"}],"wp:term":[{"taxonomy":"product_brand","embeddable":true,"href":"https:\/\/www.ayvaz.com\/en\/wp-json\/wp\/v2\/product_brand?post=10051"},{"taxonomy":"product_cat","embeddable":true,"href":"https:\/\/www.ayvaz.com\/en\/wp-json\/wp\/v2\/product_cat?post=10051"},{"taxonomy":"product_tag","embeddable":true,"href":"https:\/\/www.ayvaz.com\/en\/wp-json\/wp\/v2\/product_tag?post=10051"}],"curies":[{"name":"wp","href":"https:\/\/api.w.org\/{rel}","templated":true}]}}