{"id":4916,"date":"2023-10-03T11:45:43","date_gmt":"2023-10-03T11:45:43","guid":{"rendered":"https:\/\/ayvaz.sipa.web.tr\/fire-group\/alarm-valves\/"},"modified":"2024-12-19T06:25:01","modified_gmt":"2024-12-19T06:25:01","slug":"alarm-valves","status":"publish","type":"page","link":"https:\/\/www.ayvaz.com\/en\/fire-group\/alarm-valves\/","title":{"rendered":"Alarm Valves"},"content":{"rendered":"\t<section class=\"section\" id=\"section_1402506219\">\n\t\t<div class=\"bg section-bg fill bg-fill  bg-loaded\" >\n\n\t\t\t\n\t\t\t\n\t\t\t\n\n\t\t<\/div>\n\n\t\t\n\n\t\t<div class=\"section-content relative\">\n\t\t\t\n\n  <div id=\"page-header-410291813\" class=\"page-header-wrapper\">\n  <div class=\"page-title light simple-title\">\n\n    \n    <div class=\"page-title-inner container align-center flex-row medium-flex-wrap\" >\n            <div class=\"title-content flex-col flex-right text-right medium-text-center\">\n        <div class=\"title-breadcrumbs pb-half pt-half\"><nav class=\"woocommerce-breadcrumb breadcrumbs \">Home<\/nav><\/div>      <\/div>\n    <\/div>\n\n       <\/div>\n    <\/div>\n  \n\n\n\t\t<\/div>\n\n\t\t\n<style>\n#section_1402506219 {\n  padding-top: 15px;\n  padding-bottom: 15px;\n  background-color: rgb(245, 245, 245);\n}\n#section_1402506219 .ux-shape-divider--top svg {\n  height: 150px;\n  --divider-top-width: 100%;\n}\n#section_1402506219 .ux-shape-divider--bottom svg {\n  height: 150px;\n  --divider-width: 100%;\n}\n<\/style>\n\t<\/section>\n\t\n\t<section class=\"section\" id=\"section_2032392718\">\n\t\t<div class=\"bg section-bg fill bg-fill  bg-loaded\" >\n\n\t\t\t\n\t\t\t\n\t\t\t\n\n\t\t<\/div>\n\n\t\t\n\n\t\t<div class=\"section-content relative\">\n\t\t\t\n\n<div class=\"row align-center\"  id=\"row-975947614\">\n\n\n\t<div id=\"col-1853496997\" class=\"col medium-8 small-11 large-8\"  >\n\t\t\t\t<div class=\"col-inner text-center\"  >\n\t\t\t\n\t\t\t\n\n\t<div id=\"gap-1253736861\" class=\"gap-element clearfix\" style=\"display:block; height:auto;\">\n\t\t\n<style>\n#gap-1253736861 {\n  padding-top: 30px;\n}\n<\/style>\n\t<\/div>\n\t\n\n\t<div id=\"text-3971625688\" class=\"text\">\n\t\t\n\n<h4>AYVAZ <span data-text-color=\"primary\"> ALARM VANALARI <\/span><\/h4>\n\t\t\n<style>\n#text-3971625688 {\n  font-size: 1.8rem;\n}\n<\/style>\n\t<\/div>\n\t\n<div class=\"text-center\"><div class=\"is-divider divider clearfix\" style=\"max-width:50px;background-color:rgb(68, 68, 68);\"><\/div><\/div>\n\n\n\t\t<\/div>\n\t\t\t\t\t<\/div>\n\n\t\n\n<\/div>\n<div class=\"row align-center\"  id=\"row-609649069\">\n\n\n\t<div id=\"col-824798907\" class=\"col small-12 large-12\"  >\n\t\t\t\t<div class=\"col-inner\"  >\n\t\t\t\n\t\t\t\n\n\n  \n    <div class=\"row large-columns-4 medium-columns-3 small-columns-2 row-small\">\n  \t\n\t     <div class=\"product-small col has-hover product type-product post-5341 status-publish first instock product_cat-alarm-valves has-post-thumbnail shipping-taxable product-type-simple\">\n\t<div class=\"col-inner\">\n\t\n<div class=\"badge-container absolute left top z-1\">\n\n<\/div>\n\t<div class=\"product-small box \">\n\t\t<div class=\"box-image\">\n\t\t\t<div class=\"image-fade_in_back\">\n\t\t\t\t<a href=\"https:\/\/www.ayvaz.com\/en\/product\/preaction-system-and-equipments\/\" aria-label=\"Preaction System and Equipments\">\n\t\t\t\t\t<img loading=\"lazy\" decoding=\"async\" width=\"300\" height=\"300\" src=\"https:\/\/www.ayvaz.com\/wp-content\/uploads\/2023\/10\/Viking-Cift-Kilitlemeli-Alarm-Vanasi-1-300x300.jpg\" class=\"attachment-woocommerce_thumbnail size-woocommerce_thumbnail\" alt=\"Preaction System and Equipments\" srcset=\"https:\/\/www.ayvaz.com\/wp-content\/uploads\/2023\/10\/Viking-Cift-Kilitlemeli-Alarm-Vanasi-1-300x300.jpg 300w, https:\/\/www.ayvaz.com\/wp-content\/uploads\/2023\/10\/Viking-Cift-Kilitlemeli-Alarm-Vanasi-1-400x400.jpg 400w, https:\/\/www.ayvaz.com\/wp-content\/uploads\/2023\/10\/Viking-Cift-Kilitlemeli-Alarm-Vanasi-1-280x280.jpg 280w, https:\/\/www.ayvaz.com\/wp-content\/uploads\/2023\/10\/Viking-Cift-Kilitlemeli-Alarm-Vanasi-1-100x100.jpg 100w, https:\/\/www.ayvaz.com\/wp-content\/uploads\/2023\/10\/Viking-Cift-Kilitlemeli-Alarm-Vanasi-1.jpg 500w\" sizes=\"auto, (max-width: 300px) 100vw, 300px\" \/>\t\t\t\t<\/a>\n\t\t\t<\/div>\n\t\t\t<div class=\"image-tools is-small top right show-on-hover\">\n\t\t\t\t\t\t\t<\/div>\n\t\t\t<div class=\"image-tools is-small hide-for-small bottom left show-on-hover\">\n\t\t\t\t\t\t\t<\/div>\n\t\t\t<div class=\"image-tools grid-tools text-center hide-for-small bottom hover-slide-in show-on-hover\">\n\t\t\t\t\t\t\t<\/div>\n\t\t\t\t\t<\/div>\n\n\t\t<div class=\"box-text box-text-products text-center grid-style-2\">\n\t\t\t<div class=\"title-wrapper\"><p class=\"name product-title woocommerce-loop-product__title\"><a href=\"https:\/\/www.ayvaz.com\/en\/product\/preaction-system-and-equipments\/\" class=\"woocommerce-LoopProduct-link woocommerce-loop-product__link\">Preaction System and Equipments<\/a><\/p><\/div><div class=\"price-wrapper\">\n<\/div>\t\t<\/div>\n\t<\/div>\n\t\t<\/div>\n<\/div><div class=\"product-small col has-hover product type-product post-5342 status-publish instock product_cat-alarm-valves has-post-thumbnail shipping-taxable product-type-simple\">\n\t<div class=\"col-inner\">\n\t\n<div class=\"badge-container absolute left top z-1\">\n\n<\/div>\n\t<div class=\"product-small box \">\n\t\t<div class=\"box-image\">\n\t\t\t<div class=\"image-fade_in_back\">\n\t\t\t\t<a href=\"https:\/\/www.ayvaz.com\/en\/product\/dry-alarm-valve-system-and-equipments\/\" aria-label=\"Dry Alarm Valve System and Equipments\">\n\t\t\t\t\t<img loading=\"lazy\" decoding=\"async\" width=\"300\" height=\"300\" src=\"https:\/\/www.ayvaz.com\/wp-content\/uploads\/2023\/10\/Viking-Kuru-Alarm-Vana-Seti-Dry-Alarm-System-300x300.jpg\" class=\"attachment-woocommerce_thumbnail size-woocommerce_thumbnail\" alt=\"Dry Alarm Valve System and Equipments\" srcset=\"https:\/\/www.ayvaz.com\/wp-content\/uploads\/2023\/10\/Viking-Kuru-Alarm-Vana-Seti-Dry-Alarm-System-300x300.jpg 300w, https:\/\/www.ayvaz.com\/wp-content\/uploads\/2023\/10\/Viking-Kuru-Alarm-Vana-Seti-Dry-Alarm-System-400x400.jpg 400w, https:\/\/www.ayvaz.com\/wp-content\/uploads\/2023\/10\/Viking-Kuru-Alarm-Vana-Seti-Dry-Alarm-System-280x280.jpg 280w, https:\/\/www.ayvaz.com\/wp-content\/uploads\/2023\/10\/Viking-Kuru-Alarm-Vana-Seti-Dry-Alarm-System-100x100.jpg 100w, https:\/\/www.ayvaz.com\/wp-content\/uploads\/2023\/10\/Viking-Kuru-Alarm-Vana-Seti-Dry-Alarm-System.jpg 500w\" sizes=\"auto, (max-width: 300px) 100vw, 300px\" \/>\t\t\t\t<\/a>\n\t\t\t<\/div>\n\t\t\t<div class=\"image-tools is-small top right show-on-hover\">\n\t\t\t\t\t\t\t<\/div>\n\t\t\t<div class=\"image-tools is-small hide-for-small bottom left show-on-hover\">\n\t\t\t\t\t\t\t<\/div>\n\t\t\t<div class=\"image-tools grid-tools text-center hide-for-small bottom hover-slide-in show-on-hover\">\n\t\t\t\t\t\t\t<\/div>\n\t\t\t\t\t<\/div>\n\n\t\t<div class=\"box-text box-text-products text-center grid-style-2\">\n\t\t\t<div class=\"title-wrapper\"><p class=\"name product-title woocommerce-loop-product__title\"><a href=\"https:\/\/www.ayvaz.com\/en\/product\/dry-alarm-valve-system-and-equipments\/\" class=\"woocommerce-LoopProduct-link woocommerce-loop-product__link\">Dry Alarm Valve System and Equipments<\/a><\/p><\/div><div class=\"price-wrapper\">\n<\/div>\t\t<\/div>\n\t<\/div>\n\t\t<\/div>\n<\/div><div class=\"product-small col has-hover product type-product post-5343 status-publish last instock product_cat-alarm-valves has-post-thumbnail shipping-taxable product-type-simple\">\n\t<div class=\"col-inner\">\n\t\n<div class=\"badge-container absolute left top z-1\">\n\n<\/div>\n\t<div class=\"product-small box \">\n\t\t<div class=\"box-image\">\n\t\t\t<div class=\"image-fade_in_back\">\n\t\t\t\t<a href=\"https:\/\/www.ayvaz.com\/en\/product\/deluge-alarm-valve-systems\/\" aria-label=\"Deluge Alarm Valve Systems\">\n\t\t\t\t\t<img loading=\"lazy\" decoding=\"async\" width=\"300\" height=\"300\" src=\"https:\/\/www.ayvaz.com\/wp-content\/uploads\/2023\/10\/Baskin-Alarm-Vana-Sistemi-Deluge-System-300x300.jpg\" class=\"attachment-woocommerce_thumbnail size-woocommerce_thumbnail\" alt=\"Deluge Alarm Valve Systems\" srcset=\"https:\/\/www.ayvaz.com\/wp-content\/uploads\/2023\/10\/Baskin-Alarm-Vana-Sistemi-Deluge-System-300x300.jpg 300w, https:\/\/www.ayvaz.com\/wp-content\/uploads\/2023\/10\/Baskin-Alarm-Vana-Sistemi-Deluge-System-400x400.jpg 400w, https:\/\/www.ayvaz.com\/wp-content\/uploads\/2023\/10\/Baskin-Alarm-Vana-Sistemi-Deluge-System-280x280.jpg 280w, https:\/\/www.ayvaz.com\/wp-content\/uploads\/2023\/10\/Baskin-Alarm-Vana-Sistemi-Deluge-System-100x100.jpg 100w, https:\/\/www.ayvaz.com\/wp-content\/uploads\/2023\/10\/Baskin-Alarm-Vana-Sistemi-Deluge-System.jpg 500w\" sizes=\"auto, (max-width: 300px) 100vw, 300px\" \/>\t\t\t\t<\/a>\n\t\t\t<\/div>\n\t\t\t<div class=\"image-tools is-small top right show-on-hover\">\n\t\t\t\t\t\t\t<\/div>\n\t\t\t<div class=\"image-tools is-small hide-for-small bottom left show-on-hover\">\n\t\t\t\t\t\t\t<\/div>\n\t\t\t<div class=\"image-tools grid-tools text-center hide-for-small bottom hover-slide-in show-on-hover\">\n\t\t\t\t\t\t\t<\/div>\n\t\t\t\t\t<\/div>\n\n\t\t<div class=\"box-text box-text-products text-center grid-style-2\">\n\t\t\t<div class=\"title-wrapper\"><p class=\"name product-title woocommerce-loop-product__title\"><a href=\"https:\/\/www.ayvaz.com\/en\/product\/deluge-alarm-valve-systems\/\" class=\"woocommerce-LoopProduct-link woocommerce-loop-product__link\">Deluge Alarm Valve Systems<\/a><\/p><\/div><div class=\"price-wrapper\">\n<\/div>\t\t<\/div>\n\t<\/div>\n\t\t<\/div>\n<\/div><div class=\"product-small col has-hover product type-product post-5344 status-publish first instock product_cat-alarm-valves has-post-thumbnail shipping-taxable product-type-simple\">\n\t<div class=\"col-inner\">\n\t\n<div class=\"badge-container absolute left top z-1\">\n\n<\/div>\n\t<div class=\"product-small box \">\n\t\t<div class=\"box-image\">\n\t\t\t<div class=\"image-fade_in_back\">\n\t\t\t\t<a href=\"https:\/\/www.ayvaz.com\/en\/product\/wet-alarm-valve-system-and-equipments\/\" aria-label=\"Wet Alarm Valve System and Equipments\">\n\t\t\t\t\t<img loading=\"lazy\" decoding=\"async\" width=\"300\" height=\"300\" src=\"https:\/\/www.ayvaz.com\/wp-content\/uploads\/2023\/10\/ayvaz-islak-alarm-vana-sistemi-300x300.jpg\" class=\"attachment-woocommerce_thumbnail size-woocommerce_thumbnail\" alt=\"Wet Alarm Valve System and Equipments\" srcset=\"https:\/\/www.ayvaz.com\/wp-content\/uploads\/2023\/10\/ayvaz-islak-alarm-vana-sistemi-300x300.jpg 300w, https:\/\/www.ayvaz.com\/wp-content\/uploads\/2023\/10\/ayvaz-islak-alarm-vana-sistemi-400x400.jpg 400w, https:\/\/www.ayvaz.com\/wp-content\/uploads\/2023\/10\/ayvaz-islak-alarm-vana-sistemi-280x280.jpg 280w, https:\/\/www.ayvaz.com\/wp-content\/uploads\/2023\/10\/ayvaz-islak-alarm-vana-sistemi-100x100.jpg 100w, https:\/\/www.ayvaz.com\/wp-content\/uploads\/2023\/10\/ayvaz-islak-alarm-vana-sistemi.jpg 500w\" sizes=\"auto, (max-width: 300px) 100vw, 300px\" \/>\t\t\t\t<\/a>\n\t\t\t<\/div>\n\t\t\t<div class=\"image-tools is-small top right show-on-hover\">\n\t\t\t\t\t\t\t<\/div>\n\t\t\t<div class=\"image-tools is-small hide-for-small bottom left show-on-hover\">\n\t\t\t\t\t\t\t<\/div>\n\t\t\t<div class=\"image-tools grid-tools text-center hide-for-small bottom hover-slide-in show-on-hover\">\n\t\t\t\t\t\t\t<\/div>\n\t\t\t\t\t<\/div>\n\n\t\t<div class=\"box-text box-text-products text-center grid-style-2\">\n\t\t\t<div class=\"title-wrapper\"><p class=\"name product-title woocommerce-loop-product__title\"><a href=\"https:\/\/www.ayvaz.com\/en\/product\/wet-alarm-valve-system-and-equipments\/\" class=\"woocommerce-LoopProduct-link woocommerce-loop-product__link\">Wet Alarm Valve System and Equipments<\/a><\/p><\/div><div class=\"price-wrapper\">\n<\/div>\t\t<\/div>\n\t<\/div>\n\t\t<\/div>\n<\/div><\/div>\n\n\n\t\t<\/div>\n\t\t\t\t\t<\/div>\n\n\t\n\n<\/div>\n\n\t\t<\/div>\n\n\t\t\n<style>\n#section_2032392718 {\n  padding-top: 50px;\n  padding-bottom: 50px;\n}\n#section_2032392718 .ux-shape-divider--top svg {\n  height: 150px;\n  --divider-top-width: 100%;\n}\n#section_2032392718 .ux-shape-divider--bottom svg {\n  height: 150px;\n  --divider-width: 100%;\n}\n<\/style>\n\t<\/section>\n\t\n\n\t<section class=\"section\" id=\"section_938583286\">\n\t\t<div class=\"bg section-bg fill bg-fill  bg-loaded\" >\n\n\t\t\t\n\t\t\t\n\t\t\t\n\n\t\t<\/div>\n\n\t\t\n\n\t\t<div class=\"section-content relative\">\n\t\t\t\n\n\t<div id=\"gap-700215577\" class=\"gap-element clearfix\" style=\"display:block; height:auto;\">\n\t\t\n<style>\n#gap-700215577 {\n  padding-top: 45px;\n}\n<\/style>\n\t<\/div>\n\t\n\n<div class=\"row\"  id=\"row-134206722\">\n\n\n\t<div id=\"col-114853899\" class=\"col small-12 large-12\"  >\n\t\t\t\t<div class=\"col-inner\"  >\n\t\t\t\n\t\t\t\n\n<div class=\"row row-collapse row-full-width\"  id=\"row-2135077414\">\n\n\n\t<div id=\"col-2146815988\" class=\"col medium-12 small-12 large-9\"  >\n\t\t\t\t<div class=\"col-inner\"  >\n\t\t\t\n\t\t\t\n\n\t<div id=\"text-1517758360\" class=\"text\">\n\t\t\n\n<p>Yang\u0131n \u00fcr\u00fcn ve \u00e7\u00f6z\u00fcmleriyle ilgili bir sorunuz mu var? Bizi hemen aray\u0131n.<\/p>\n\t\t\n<style>\n#text-1517758360 {\n  font-size: 1.25rem;\n  text-align: center;\n}\n@media (min-width:850px) {\n  #text-1517758360 {\n    font-size: 1.1rem;\n    text-align: left;\n  }\n}\n<\/style>\n\t<\/div>\n\t\n\t<div id=\"gap-1317283351\" class=\"gap-element clearfix show-for-medium\" style=\"display:block; height:auto;\">\n\t\t\n<style>\n#gap-1317283351 {\n  padding-top: 30px;\n}\n<\/style>\n\t<\/div>\n\t\n\n\n\t\t<\/div>\n\t\t\t\t\t<\/div>\n\n\t\n\n\t<div id=\"col-1673758536\" class=\"col medium-12 small-12 large-3\"  >\n\t\t\t\t<div class=\"col-inner text-right\"  >\n\t\t\t\n\t\t\t\n\n<a href=\"https:\/\/www.ayvaz.com\/en\/blocks\/contact\/\" target=\"_self\" class=\"button primary expand\"  style=\"padding:10px 30px 10px 30px;\">\n    <span>B\u0130ZE HEMEN ULA\u015eIN<\/span>\n  <\/a>\n\n\n\n\t\t<\/div>\n\t\t\t\t\n<style>\n#col-1673758536 > .col-inner {\n  margin: -5px 0px 0px 0px;\n}\n<\/style>\n\t<\/div>\n\n\t\n\n<\/div>\n\n\t\t<\/div>\n\t\t\t\t\n<style>\n#col-114853899 > .col-inner {\n  padding: 0px 5% 0px 5%;\n}\n@media (min-width:550px) {\n  #col-114853899 > .col-inner {\n    padding: 0px 5% 0px 5%;\n  }\n}\n<\/style>\n\t<\/div>\n\n\t\n\n<\/div>\n\n\t\t<\/div>\n\n\t\t\n<style>\n#section_938583286 {\n  padding-top: 30px;\n  padding-bottom: 30px;\n  min-height: 200px;\n  background-color: rgb(245, 245, 245);\n}\n#section_938583286 .ux-shape-divider--top svg {\n  height: 150px;\n  --divider-top-width: 100%;\n}\n#section_938583286 .ux-shape-divider--bottom svg {\n  height: 150px;\n  --divider-width: 100%;\n}\n<\/style>\n\t<\/section>\n\t","protected":false},"excerpt":{"rendered":"","protected":false},"author":1,"featured_media":0,"parent":4911,"menu_order":0,"comment_status":"closed","ping_status":"closed","template":"page-blank.php","meta":{"_acf_changed":false,"footnotes":"","_wp_rev_ctl_limit":""},"class_list":["post-4916","page","type-page","status-publish","hentry"],"acf":[],"aioseo_notices":[],"_links":{"self":[{"href":"https:\/\/www.ayvaz.com\/en\/wp-json\/wp\/v2\/pages\/4916","targetHints":{"allow":["GET"]}}],"collection":[{"href":"https:\/\/www.ayvaz.com\/en\/wp-json\/wp\/v2\/pages"}],"about":[{"href":"https:\/\/www.ayvaz.com\/en\/wp-json\/wp\/v2\/types\/page"}],"author":[{"embeddable":true,"href":"https:\/\/www.ayvaz.com\/en\/wp-json\/wp\/v2\/users\/1"}],"replies":[{"embeddable":true,"href":"https:\/\/www.ayvaz.com\/en\/wp-json\/wp\/v2\/comments?post=4916"}],"version-history":[{"count":0,"href":"https:\/\/www.ayvaz.com\/en\/wp-json\/wp\/v2\/pages\/4916\/revisions"}],"up":[{"embeddable":true,"href":"https:\/\/www.ayvaz.com\/en\/wp-json\/wp\/v2\/pages\/4911"}],"wp:attachment":[{"href":"https:\/\/www.ayvaz.com\/en\/wp-json\/wp\/v2\/media?parent=4916"}],"curies":[{"name":"wp","href":"https:\/\/api.w.org\/{rel}","templated":true}]}}