{"id":4911,"date":"2023-09-26T12:05:53","date_gmt":"2023-09-26T12:05:53","guid":{"rendered":"https:\/\/ayvaz.sipa.web.tr\/fire-group\/"},"modified":"2024-12-19T06:19:10","modified_gmt":"2024-12-19T06:19:10","slug":"fire-group","status":"publish","type":"page","link":"https:\/\/www.ayvaz.com\/en\/fire-group\/","title":{"rendered":"Fire Group"},"content":{"rendered":"<div class=\"slider-wrapper relative\" id=\"slider-1459166247\" >\n    <div class=\"slider slider-nav-dots-simple slider-nav-simple slider-nav-large slider-nav-light slider-style-normal slider-show-nav\"\n        data-flickity-options='{\n            \"cellAlign\": \"center\",\n            \"imagesLoaded\": true,\n            \"lazyLoad\": 1,\n            \"freeScroll\": false,\n            \"wrapAround\": true,\n            \"autoPlay\": 3000,\n            \"pauseAutoPlayOnHover\" : false,\n            \"prevNextButtons\": true,\n            \"contain\" : true,\n            \"adaptiveHeight\" : true,\n            \"dragThreshold\" : 10,\n            \"percentPosition\": true,\n            \"pageDots\": false,\n            \"rightToLeft\": false,\n            \"draggable\": false,\n            \"selectedAttraction\": 0.1,\n            \"parallax\" : 0,\n            \"friction\": 0.6        }'\n        >\n        \n\n\t<section class=\"section dark is-full-height\" id=\"section_1050185795\">\n\t\t<div class=\"bg section-bg fill bg-fill  \" >\n\n\t\t\t\n\t\t\t<div class=\"section-bg-overlay absolute fill\"><\/div><button class=\"scroll-for-more z-5 icon absolute bottom h-center\" aria-label=\"Scroll for more\"><i class=\"icon-angle-down\" style=\"font-size:42px;\" ><\/i><\/button>\n\t\t\t\n\n\t\t<\/div>\n\n\t\t\n\n\t\t<div class=\"section-content relative\">\n\t\t\t\n\n<div class=\"row\" style=\"max-width:1300px\" id=\"row-345056635\">\n\n\n\t<div id=\"col-718031559\" class=\"col medium-12 small-12 large-12\"  >\n\t\t\t\t<div class=\"col-inner text-center\"  >\n\t\t\t\n\t\t\t\n\n\t<div id=\"text-2938150538\" class=\"text\">\n\t\t\n\n<h1 class=\"uppercase\">Yang\u0131n Grubu<\/h1>\n\t\t\n<style>\n#text-2938150538 {\n  font-size: 1.75rem;\n}\n@media (min-width:550px) {\n  #text-2938150538 {\n    font-size: 2.5rem;\n  }\n}\n<\/style>\n\t<\/div>\n\t\n\t<div id=\"text-940341080\" class=\"text\">\n\t\t\n\n<p>T\u00fcrkiye'nin ilk FM ve UL onayl\u0131 gazl\u0131 s\u00f6nd\u00fcrme dolum istasyonuna sahip olan Ayvaz'\u0131n yang\u0131n \u00e7\u00f6z\u00fcmlerine yak\u0131ndan bak\u0131n.<\/p>\n\t\t\n<style>\n#text-940341080 {\n  font-size: 0.95rem;\n}\n@media (min-width:550px) {\n  #text-940341080 {\n    font-size: 1.7rem;\n  }\n}\n@media (min-width:850px) {\n  #text-940341080 {\n    font-size: 1.8rem;\n  }\n}\n<\/style>\n\t<\/div>\n\t\n\n\t\t<\/div>\n\t\t\t\t\n<style>\n#col-718031559 > .col-inner {\n  margin: -45px 0px 0px 0px;\n}\n<\/style>\n\t<\/div>\n\n\t\n\n<\/div>\n\n\t\t<\/div>\n\n\t\t\n<style>\n#section_1050185795 {\n  padding-top: 30px;\n  padding-bottom: 30px;\n  min-height: 450px;\n}\n#section_1050185795 .section-bg-overlay {\n  background-color: rgba(18, 12, 12, 0.744);\n}\n#section_1050185795 .section-bg.bg-loaded {\n  background-image: url(https:\/\/www.ayvaz.com\/wp-content\/uploads\/2023\/09\/ayvaz-gazli-sondurma-anasayfa-slider.jpg);\n}\n#section_1050185795 .ux-shape-divider--top svg {\n  height: 150px;\n  --divider-top-width: 100%;\n}\n#section_1050185795 .ux-shape-divider--bottom svg {\n  height: 150px;\n  --divider-width: 100%;\n}\n@media (min-width:550px) {\n  #section_1050185795 {\n    min-height: 650px;\n  }\n}\n@media (min-width:850px) {\n  #section_1050185795 {\n    min-height: 100vh;\n  }\n}\n<\/style>\n\t<\/section>\n\t\n\n     <\/div>\n\n     <div class=\"loading-spin dark large centered\"><\/div>\n\n     \t<\/div>\n\n\n\t<section class=\"section\" id=\"section_1958179170\">\n\t\t<div class=\"bg section-bg fill bg-fill  bg-loaded\" >\n\n\t\t\t\n\t\t\t\n\t\t\t\n\n\t\t<\/div>\n\n\t\t\n\n\t\t<div class=\"section-content relative\">\n\t\t\t\n\n<div class=\"row align-center\"  id=\"row-1261187513\">\n\n\n\t<div id=\"col-1603115259\" class=\"col medium-8 small-11 large-8\"  >\n\t\t\t\t<div class=\"col-inner text-center\"  >\n\t\t\t\n\t\t\t\n\n\t<div id=\"gap-1313441712\" class=\"gap-element clearfix\" style=\"display:block; height:auto;\">\n\t\t\n<style>\n#gap-1313441712 {\n  padding-top: 30px;\n}\n<\/style>\n\t<\/div>\n\t\n\n\t<div id=\"text-4292798360\" class=\"text\">\n\t\t\n\n<h4>NEDEN <span data-text-color=\"primary\"> AYVAZ YANGIN?<br \/>\r\n<\/span><\/h4>\n\t\t\n<style>\n#text-4292798360 {\n  font-size: 1.4rem;\n}\n@media (min-width:550px) {\n  #text-4292798360 {\n    font-size: 1.8rem;\n  }\n}\n<\/style>\n\t<\/div>\n\t\n<div class=\"text-center\"><div class=\"is-divider divider clearfix\" style=\"max-width:50px;background-color:rgb(68, 68, 68);\"><\/div><\/div>\n\n\n\t\t<\/div>\n\t\t\t\t\t<\/div>\n\n\t\n\n<\/div>\n<div class=\"row align-center\"  id=\"row-1438058953\">\n\n\n\t<div id=\"col-165472061\" class=\"col small-12 large-12\"  >\n\t\t\t\t<div class=\"col-inner\"  >\n\t\t\t\n\t\t\t\n\n<div class=\"row align-center\"  id=\"row-2094900950\">\n\n\n\t<div id=\"col-1650924248\" class=\"col medium-4 small-6 large-4\"  >\n\t\t\t\t<div class=\"col-inner\"  >\n\t\t\t\n\t\t\t\n\n\n\t\t<div class=\"icon-box featured-box icon-box-center text-center\"  >\n\t\t\t\t\t<div class=\"icon-box-img\" style=\"width: 60px\">\n\t\t\t\t<div class=\"icon\">\n\t\t\t\t\t<div class=\"icon-inner\" >\n\t\t\t\t\t\t<img loading=\"lazy\" decoding=\"async\" width=\"150\" height=\"150\" src=\"https:\/\/www.ayvaz.com\/wp-content\/uploads\/2023\/07\/doc.png\" class=\"attachment-medium size-medium\" alt=\"\" srcset=\"https:\/\/www.ayvaz.com\/wp-content\/uploads\/2023\/07\/doc.png 150w, https:\/\/www.ayvaz.com\/wp-content\/uploads\/2023\/07\/doc-100x100.png 100w\" sizes=\"auto, (max-width: 150px) 100vw, 150px\" \/>\t\t\t\t\t<\/div>\n\t\t\t\t<\/div>\n\t\t\t<\/div>\n\t\t\t\t<div class=\"icon-box-text last-reset\">\n\t\t\t\t\t\t\t\t\t\n\n\t<div id=\"text-3806852746\" class=\"text\">\n\t\t\n\n<h1>G\u00dc\u00c7L\u00dc STOK<\/h1>\n\t\t\n<style>\n#text-3806852746 {\n  text-align: center;\n}\n<\/style>\n\t<\/div>\n\t\n<div class=\"text-center\"><div class=\"is-divider divider clearfix\" style=\"background-color:rgb(68, 68, 68);\"><\/div><\/div>\n\n\t<div id=\"gap-319366727\" class=\"gap-element clearfix\" style=\"display:block; height:auto;\">\n\t\t\n<style>\n#gap-319366727 {\n  padding-top: 15px;\n}\n<\/style>\n\t<\/div>\n\t\n\n\t<div id=\"text-1470100678\" class=\"text\">\n\t\t\n\n<p>Ayvaz, yang\u0131n grubuyla ilgili ihtiya\u00e7lar\u0131n\u0131za an\u0131nda yan\u0131t verebilecek g\u00fc\u00e7l\u00fc bir sto\u011fa sahiptir.<\/p>\n\t\t\n<style>\n#text-1470100678 {\n  text-align: center;\n}\n<\/style>\n\t<\/div>\n\t\n\n\t\t<\/div>\n\t<\/div>\n\t\n\t\n\n\t\t<\/div>\n\t\t\t\t\t<\/div>\n\n\t\n\n\t<div id=\"col-669604389\" class=\"col medium-4 small-6 large-4\"  >\n\t\t\t\t<div class=\"col-inner\"  >\n\t\t\t\n\t\t\t\n\n\n\t\t<div class=\"icon-box featured-box icon-box-center text-center\"  >\n\t\t\t\t\t<div class=\"icon-box-img\" style=\"width: 60px\">\n\t\t\t\t<div class=\"icon\">\n\t\t\t\t\t<div class=\"icon-inner\" >\n\t\t\t\t\t\t<img loading=\"lazy\" decoding=\"async\" width=\"150\" height=\"150\" src=\"https:\/\/www.ayvaz.com\/wp-content\/uploads\/2023\/07\/tik.png\" class=\"attachment-medium size-medium\" alt=\"\" srcset=\"https:\/\/www.ayvaz.com\/wp-content\/uploads\/2023\/07\/tik.png 150w, https:\/\/www.ayvaz.com\/wp-content\/uploads\/2023\/07\/tik-100x100.png 100w\" sizes=\"auto, (max-width: 150px) 100vw, 150px\" \/>\t\t\t\t\t<\/div>\n\t\t\t\t<\/div>\n\t\t\t<\/div>\n\t\t\t\t<div class=\"icon-box-text last-reset\">\n\t\t\t\t\t\t\t\t\t\n\n\t<div id=\"text-4082598683\" class=\"text\">\n\t\t\n\n<h1>ZENG\u0130N \u00dcR\u00dcN GAMI<\/h1>\n\t\t\n<style>\n#text-4082598683 {\n  text-align: center;\n}\n<\/style>\n\t<\/div>\n\t\n<div class=\"text-center\"><div class=\"is-divider divider clearfix\" style=\"background-color:rgb(68, 68, 68);\"><\/div><\/div>\n\n\t<div id=\"gap-2086301744\" class=\"gap-element clearfix\" style=\"display:block; height:auto;\">\n\t\t\n<style>\n#gap-2086301744 {\n  padding-top: 15px;\n}\n<\/style>\n\t<\/div>\n\t\n\n\t<div id=\"text-4262949337\" class=\"text\">\n\t\t\n\n<p>A\u2019dan Z\u2019ye, i\u015fletmenizde ihtiya\u00e7 duydu\u011funuz t\u00fcm yang\u0131n \u00fcr\u00fcnlerini Ayvaz\u2019da bulabilirsiniz.<\/p>\n\t\t\n<style>\n#text-4262949337 {\n  text-align: center;\n}\n<\/style>\n\t<\/div>\n\t\n\n\t\t<\/div>\n\t<\/div>\n\t\n\t\n\n\t\t<\/div>\n\t\t\t\t\t<\/div>\n\n\t\n\n\t<div id=\"col-1576184758\" class=\"col medium-4 small-6 large-4\"  >\n\t\t\t\t<div class=\"col-inner\"  >\n\t\t\t\n\t\t\t\n\n\n\t\t<div class=\"icon-box featured-box icon-box-center text-center\"  >\n\t\t\t\t\t<div class=\"icon-box-img\" style=\"width: 60px\">\n\t\t\t\t<div class=\"icon\">\n\t\t\t\t\t<div class=\"icon-inner\" >\n\t\t\t\t\t\t<img loading=\"lazy\" decoding=\"async\" width=\"150\" height=\"150\" src=\"https:\/\/www.ayvaz.com\/wp-content\/uploads\/2023\/09\/uzman-kadro.png\" class=\"attachment-medium size-medium\" alt=\"\" srcset=\"https:\/\/www.ayvaz.com\/wp-content\/uploads\/2023\/09\/uzman-kadro.png 150w, https:\/\/www.ayvaz.com\/wp-content\/uploads\/2023\/09\/uzman-kadro-100x100.png 100w\" sizes=\"auto, (max-width: 150px) 100vw, 150px\" \/>\t\t\t\t\t<\/div>\n\t\t\t\t<\/div>\n\t\t\t<\/div>\n\t\t\t\t<div class=\"icon-box-text last-reset\">\n\t\t\t\t\t\t\t\t\t\n\n\t<div id=\"text-570908499\" class=\"text\">\n\t\t\n\n<h1>UZMAN KADRO<\/h1>\n\t\t\n<style>\n#text-570908499 {\n  text-align: center;\n}\n<\/style>\n\t<\/div>\n\t\n<div class=\"text-center\"><div class=\"is-divider divider clearfix\" style=\"background-color:rgb(68, 68, 68);\"><\/div><\/div>\n\n\t<div id=\"gap-1765774445\" class=\"gap-element clearfix\" style=\"display:block; height:auto;\">\n\t\t\n<style>\n#gap-1765774445 {\n  padding-top: 15px;\n}\n<\/style>\n\t<\/div>\n\t\n\n\t<div id=\"text-3769483701\" class=\"text\">\n\t\t\n\n<p>75 y\u0131ll\u0131k tecr\u00fcbeye sahip Ayvaz, geni\u015f bayi a\u011f\u0131 ve uzman kadrosuyla size g\u00fc\u00e7 kazand\u0131r\u0131yor.\r\n<\/p>\n\t\t\n<style>\n#text-3769483701 {\n  text-align: center;\n}\n<\/style>\n\t<\/div>\n\t\n\n\t\t<\/div>\n\t<\/div>\n\t\n\t\n\n\t\t<\/div>\n\t\t\t\t\t<\/div>\n\n\t\n\n<\/div>\n\n\t\t<\/div>\n\t\t\t\t\t<\/div>\n\n\t\n\n<\/div>\n\n\t\t<\/div>\n\n\t\t\n<style>\n#section_1958179170 {\n  padding-top: 50px;\n  padding-bottom: 50px;\n}\n#section_1958179170 .ux-shape-divider--top svg {\n  height: 150px;\n  --divider-top-width: 100%;\n}\n#section_1958179170 .ux-shape-divider--bottom svg {\n  height: 150px;\n  --divider-width: 100%;\n}\n<\/style>\n\t<\/section>\n\t\n\n\t<section class=\"section\" id=\"section_939459647\">\n\t\t<div class=\"bg section-bg fill bg-fill  bg-loaded\" >\n\n\t\t\t\n\t\t\t\n\t\t\t\n\n\t\t<\/div>\n\n\t\t\n\n\t\t<div class=\"section-content relative\">\n\t\t\t\n\n<div class=\"row align-center\"  id=\"row-334304189\">\n\n\n\t<div id=\"col-292354558\" class=\"col medium-8 small-11 large-8\"  >\n\t\t\t\t<div class=\"col-inner text-center\"  >\n\t\t\t\n\t\t\t\n\n\t<div id=\"gap-537554611\" class=\"gap-element clearfix\" style=\"display:block; height:auto;\">\n\t\t\n<style>\n#gap-537554611 {\n  padding-top: 30px;\n}\n<\/style>\n\t<\/div>\n\t\n\n\t<div id=\"text-2513201668\" class=\"text\">\n\t\t\n\n<h4>G\u00dcVEN VEREN<span data-text-color=\"primary\"> YANGIN S\u0130STEMLER\u0130<\/span><\/h4>\n\t\t\n<style>\n#text-2513201668 {\n  font-size: 1.8rem;\n}\n<\/style>\n\t<\/div>\n\t\n<div class=\"text-center\"><div class=\"is-divider divider clearfix\" style=\"max-width:50px;background-color:rgb(68, 68, 68);\"><\/div><\/div>\n\n\n\t\t<\/div>\n\t\t\t\t\t<\/div>\n\n\t\n\n<\/div>\n<div class=\"row align-center\"  id=\"row-2098415195\">\n\n\n\t<div id=\"col-2064913065\" class=\"col small-12 large-12\"  >\n\t\t\t\t<div class=\"col-inner\"  >\n\t\t\t\n\t\t\t\n\n\t<div id=\"stack-1329066550\" class=\"stack stack-row justify-start items-start\">\n\t\t\n\n\t<div class=\"box has-hover   has-hover box-text-bottom\" >\n\n\t\t<div class=\"box-image\" >\n\t\t\t<a href=\"https:\/\/www.ayvaz.com\/en\/product\/foam-suppression-systems\/\"  >\t\t\t<div class=\"\" >\n\t\t\t\t<img loading=\"lazy\" decoding=\"async\" width=\"700\" height=\"700\" src=\"https:\/\/www.ayvaz.com\/wp-content\/uploads\/2023\/09\/kopuklu-sondurme-sistemleri.jpg\" class=\"attachment- size-\" alt=\"\" srcset=\"https:\/\/www.ayvaz.com\/wp-content\/uploads\/2023\/09\/kopuklu-sondurme-sistemleri.jpg 700w, https:\/\/www.ayvaz.com\/wp-content\/uploads\/2023\/09\/kopuklu-sondurme-sistemleri-400x400.jpg 400w, https:\/\/www.ayvaz.com\/wp-content\/uploads\/2023\/09\/kopuklu-sondurme-sistemleri-280x280.jpg 280w, https:\/\/www.ayvaz.com\/wp-content\/uploads\/2023\/09\/kopuklu-sondurme-sistemleri-300x300.jpg 300w, https:\/\/www.ayvaz.com\/wp-content\/uploads\/2023\/09\/kopuklu-sondurme-sistemleri-600x600.jpg 600w, https:\/\/www.ayvaz.com\/wp-content\/uploads\/2023\/09\/kopuklu-sondurme-sistemleri-100x100.jpg 100w\" sizes=\"auto, (max-width: 700px) 100vw, 700px\" \/>\t\t\t\t\t\t\t\t\t\t\t<\/div>\n\t\t\t<\/a>\t\t<\/div>\n\n\t\t<div class=\"box-text text-center\" >\n\t\t\t<div class=\"box-text-inner\">\n\t\t\t\t\n\n<h4>K\u00f6p\u00fckl\u00fc S\u00f6nd\u00fcrme Sistemleri<\/h4>\n\n\t\t\t<\/div>\n\t\t<\/div>\n\t<\/div>\n\t\n\t<div class=\"box has-hover   has-hover box-text-bottom\" >\n\n\t\t<div class=\"box-image\" >\n\t\t\t<a href=\"https:\/\/www.ayvaz.com\/en\/product\/clean-agent-suppression-systems\/\"  >\t\t\t<div class=\"\" >\n\t\t\t\t<img loading=\"lazy\" decoding=\"async\" width=\"544\" height=\"544\" src=\"https:\/\/www.ayvaz.com\/wp-content\/uploads\/2023\/09\/gazli-sondurme-sistemleri.jpg\" class=\"attachment- size-\" alt=\"\" srcset=\"https:\/\/www.ayvaz.com\/wp-content\/uploads\/2023\/09\/gazli-sondurme-sistemleri.jpg 544w, https:\/\/www.ayvaz.com\/wp-content\/uploads\/2023\/09\/gazli-sondurme-sistemleri-400x400.jpg 400w, https:\/\/www.ayvaz.com\/wp-content\/uploads\/2023\/09\/gazli-sondurme-sistemleri-280x280.jpg 280w, https:\/\/www.ayvaz.com\/wp-content\/uploads\/2023\/09\/gazli-sondurme-sistemleri-300x300.jpg 300w, https:\/\/www.ayvaz.com\/wp-content\/uploads\/2023\/09\/gazli-sondurme-sistemleri-100x100.jpg 100w\" sizes=\"auto, (max-width: 544px) 100vw, 544px\" \/>\t\t\t\t\t\t\t\t\t\t\t<\/div>\n\t\t\t<\/a>\t\t<\/div>\n\n\t\t<div class=\"box-text text-center\" >\n\t\t\t<div class=\"box-text-inner\">\n\t\t\t\t\n\n<h4>Gazl\u0131 S\u00f6nd\u00fcrme Sistemleri<\/h4>\n\n\t\t\t<\/div>\n\t\t<\/div>\n\t<\/div>\n\t\n\t<div class=\"box has-hover   has-hover box-text-bottom\" >\n\n\t\t<div class=\"box-image\" >\n\t\t\t<a href=\"https:\/\/ayvaz.sipa.web.tr\/en\/urun\/in-cabinet-fire-suppression-systems\/\"  >\t\t\t<div class=\"\" >\n\t\t\t\t<img loading=\"lazy\" decoding=\"async\" width=\"476\" height=\"476\" src=\"https:\/\/www.ayvaz.com\/wp-content\/uploads\/2023\/09\/pano-ici-1.jpg\" class=\"attachment- size-\" alt=\"\" srcset=\"https:\/\/www.ayvaz.com\/wp-content\/uploads\/2023\/09\/pano-ici-1.jpg 476w, https:\/\/www.ayvaz.com\/wp-content\/uploads\/2023\/09\/pano-ici-1-400x400.jpg 400w, https:\/\/www.ayvaz.com\/wp-content\/uploads\/2023\/09\/pano-ici-1-280x280.jpg 280w, https:\/\/www.ayvaz.com\/wp-content\/uploads\/2023\/09\/pano-ici-1-300x300.jpg 300w, https:\/\/www.ayvaz.com\/wp-content\/uploads\/2023\/09\/pano-ici-1-100x100.jpg 100w\" sizes=\"auto, (max-width: 476px) 100vw, 476px\" \/>\t\t\t\t\t\t\t\t\t\t\t<\/div>\n\t\t\t<\/a>\t\t<\/div>\n\n\t\t<div class=\"box-text text-center\" >\n\t\t\t<div class=\"box-text-inner\">\n\t\t\t\t\n\n<h4>Pano \u0130\u00e7i S\u00f6nd\u00fcrme Sistemleri<\/h4>\n\n\t\t\t<\/div>\n\t\t<\/div>\n\t<\/div>\n\t\n\t<div class=\"box has-hover   has-hover box-text-bottom\" >\n\n\t\t<div class=\"box-image\" >\n\t\t\t<a href=\"https:\/\/www.ayvaz.com\/en\/product\/water-suppression-systems\/\"  >\t\t\t<div class=\"\" >\n\t\t\t\t<img loading=\"lazy\" decoding=\"async\" width=\"500\" height=\"500\" src=\"https:\/\/www.ayvaz.com\/wp-content\/uploads\/2023\/09\/Viking-Cift-Kilitlemeli-Alarm-Vanasi-.jpg\" class=\"attachment- size-\" alt=\"\" srcset=\"https:\/\/www.ayvaz.com\/wp-content\/uploads\/2023\/09\/Viking-Cift-Kilitlemeli-Alarm-Vanasi-.jpg 500w, https:\/\/www.ayvaz.com\/wp-content\/uploads\/2023\/09\/Viking-Cift-Kilitlemeli-Alarm-Vanasi--400x400.jpg 400w, https:\/\/www.ayvaz.com\/wp-content\/uploads\/2023\/09\/Viking-Cift-Kilitlemeli-Alarm-Vanasi--280x280.jpg 280w, https:\/\/www.ayvaz.com\/wp-content\/uploads\/2023\/09\/Viking-Cift-Kilitlemeli-Alarm-Vanasi--300x300.jpg 300w, https:\/\/www.ayvaz.com\/wp-content\/uploads\/2023\/09\/Viking-Cift-Kilitlemeli-Alarm-Vanasi--100x100.jpg 100w\" sizes=\"auto, (max-width: 500px) 100vw, 500px\" \/>\t\t\t\t\t\t\t\t\t\t\t<\/div>\n\t\t\t<\/a>\t\t<\/div>\n\n\t\t<div class=\"box-text text-center\" >\n\t\t\t<div class=\"box-text-inner\">\n\t\t\t\t\n\n<h4>Sulu S\u00f6nd\u00fcrme Sistemleri<\/h4>\n\n\t\t\t<\/div>\n\t\t<\/div>\n\t<\/div>\n\t\n\n\t\t\n<style>\n#stack-1329066550 > * {\n  --stack-gap: 2.25rem;\n}\n<\/style>\n\t<\/div>\n\t\n\n\t\t<\/div>\n\t\t\t\t\t<\/div>\n\n\t\n\n<\/div>\n\n\t\t<\/div>\n\n\t\t\n<style>\n#section_939459647 {\n  padding-top: 50px;\n  padding-bottom: 50px;\n  background-color: rgb(249, 249, 250);\n}\n#section_939459647 .ux-shape-divider--top svg {\n  height: 150px;\n  --divider-top-width: 100%;\n}\n#section_939459647 .ux-shape-divider--bottom svg {\n  height: 150px;\n  --divider-width: 100%;\n}\n<\/style>\n\t<\/section>\n\t\n\t<section class=\"section\" id=\"section_1685810791\">\n\t\t<div class=\"bg section-bg fill bg-fill  bg-loaded\" >\n\n\t\t\t\n\t\t\t\n\t\t\t\n\n\t\t<\/div>\n\n\t\t\n\n\t\t<div class=\"section-content relative\">\n\t\t\t\n\n\t<div id=\"gap-114335463\" class=\"gap-element clearfix\" style=\"display:block; height:auto;\">\n\t\t\n<style>\n#gap-114335463 {\n  padding-top: 45px;\n}\n<\/style>\n\t<\/div>\n\t\n\n<div class=\"row\"  id=\"row-1728114001\">\n\n\n\t<div id=\"col-1777423854\" class=\"col small-12 large-12\"  >\n\t\t\t\t<div class=\"col-inner\"  >\n\t\t\t\n\t\t\t\n\n<div class=\"row row-collapse row-full-width\"  id=\"row-1423749288\">\n\n\n\t<div id=\"col-900889152\" class=\"col medium-12 small-12 large-9\"  >\n\t\t\t\t<div class=\"col-inner\"  >\n\t\t\t\n\t\t\t\n\n\t<div id=\"text-3068005839\" class=\"text\">\n\t\t\n\n<p>Yang\u0131n \u00fcr\u00fcn ve \u00e7\u00f6z\u00fcmleriyle ilgili bir sorunuz mu var? Bizi hemen aray\u0131n.<\/p>\n\t\t\n<style>\n#text-3068005839 {\n  font-size: 1.25rem;\n  text-align: center;\n}\n@media (min-width:850px) {\n  #text-3068005839 {\n    font-size: 1.1rem;\n    text-align: left;\n  }\n}\n<\/style>\n\t<\/div>\n\t\n\t<div id=\"gap-1180010281\" class=\"gap-element clearfix show-for-medium\" style=\"display:block; height:auto;\">\n\t\t\n<style>\n#gap-1180010281 {\n  padding-top: 30px;\n}\n<\/style>\n\t<\/div>\n\t\n\n\n\t\t<\/div>\n\t\t\t\t\t<\/div>\n\n\t\n\n\t<div id=\"col-1449071628\" class=\"col medium-12 small-12 large-3\"  >\n\t\t\t\t<div class=\"col-inner text-right\"  >\n\t\t\t\n\t\t\t\n\n<a href=\"https:\/\/www.ayvaz.com\/en\/blocks\/contact\/\" target=\"_self\" class=\"button primary expand\"  style=\"padding:10px 30px 10px 30px;\">\n    <span>Bize Hemen Ula\u015f\u0131n<\/span>\n  <\/a>\n\n\n\n\t\t<\/div>\n\t\t\t\t\n<style>\n#col-1449071628 > .col-inner {\n  margin: -5px 0px 0px 0px;\n}\n<\/style>\n\t<\/div>\n\n\t\n\n<\/div>\n\n\t\t<\/div>\n\t\t\t\t\n<style>\n#col-1777423854 > .col-inner {\n  padding: 0px 5% 0px 5%;\n}\n@media (min-width:550px) {\n  #col-1777423854 > .col-inner {\n    padding: 0px 5% 0px 5%;\n  }\n}\n<\/style>\n\t<\/div>\n\n\t\n\n<\/div>\n\n\t\t<\/div>\n\n\t\t\n<style>\n#section_1685810791 {\n  padding-top: 30px;\n  padding-bottom: 30px;\n  min-height: 200px;\n  background-color: rgb(249, 249, 250);\n}\n#section_1685810791 .ux-shape-divider--top svg {\n  height: 150px;\n  --divider-top-width: 100%;\n}\n#section_1685810791 .ux-shape-divider--bottom svg {\n  height: 150px;\n  --divider-width: 100%;\n}\n<\/style>\n\t<\/section>\n\t\n\t<section class=\"section\" id=\"section_1037462818\">\n\t\t<div class=\"bg section-bg fill bg-fill  bg-loaded\" >\n\n\t\t\t\n\t\t\t\n\t\t\t\n\n\t\t<\/div>\n\n\t\t\n\n\t\t<div class=\"section-content relative\">\n\t\t\t\n\n<div class=\"row\"  id=\"row-1223313937\">\n\n\n\t<div id=\"col-1850363565\" class=\"col small-12 large-12\"  >\n\t\t\t\t<div class=\"col-inner\"  >\n\t\t\t\n\t\t\t\n\n\t<div id=\"text-623538713\" class=\"text\">\n\t\t\n\n<h4><span data-text-color=\"primary\"> YANGIN<\/span> \u00dcR\u00dcNLER\u0130M\u0130Z<br \/>\n<\/h4>\n\t\t\n<style>\n#text-623538713 {\n  font-size: 1.8rem;\n  text-align: center;\n}\n<\/style>\n\t<\/div>\n\t\n<div class=\"text-center\"><div class=\"is-divider divider clearfix\" style=\"max-width:50px;background-color:rgb(68, 68, 68);\"><\/div><\/div>\n\n\n  \n    <div class=\"row large-columns-4 medium-columns-3 small-columns-2 row-small\">\n  \t\n\t     <div class=\"product-small col has-hover product type-product post-5074 status-publish first instock product_cat-fire-fighting-equipment product_cat-system-valves has-post-thumbnail shipping-taxable product-type-simple\">\n\t<div class=\"col-inner\">\n\t\n<div class=\"badge-container absolute left top z-1\">\n\n<\/div>\n\t<div class=\"product-small box \">\n\t\t<div class=\"box-image\">\n\t\t\t<div class=\"image-fade_in_back\">\n\t\t\t\t<a href=\"https:\/\/www.ayvaz.com\/en\/product\/pressure-reducing-valve\/\" aria-label=\"Pressure Reducing Valve\">\n\t\t\t\t\t<img loading=\"lazy\" decoding=\"async\" width=\"300\" height=\"300\" src=\"https:\/\/www.ayvaz.com\/wp-content\/uploads\/2023\/09\/Basinc-dusurucu-vana_yivli-300x300.jpg\" class=\"attachment-woocommerce_thumbnail size-woocommerce_thumbnail\" alt=\"Pressure Reducing Valve\" srcset=\"https:\/\/www.ayvaz.com\/wp-content\/uploads\/2023\/09\/Basinc-dusurucu-vana_yivli-300x300.jpg 300w, https:\/\/www.ayvaz.com\/wp-content\/uploads\/2023\/09\/Basinc-dusurucu-vana_yivli-400x400.jpg 400w, https:\/\/www.ayvaz.com\/wp-content\/uploads\/2023\/09\/Basinc-dusurucu-vana_yivli-280x280.jpg 280w, https:\/\/www.ayvaz.com\/wp-content\/uploads\/2023\/09\/Basinc-dusurucu-vana_yivli-100x100.jpg 100w, https:\/\/www.ayvaz.com\/wp-content\/uploads\/2023\/09\/Basinc-dusurucu-vana_yivli.jpg 500w\" sizes=\"auto, (max-width: 300px) 100vw, 300px\" \/>\t\t\t\t<\/a>\n\t\t\t<\/div>\n\t\t\t<div class=\"image-tools is-small top right show-on-hover\">\n\t\t\t\t\t\t\t<\/div>\n\t\t\t<div class=\"image-tools is-small hide-for-small bottom left show-on-hover\">\n\t\t\t\t\t\t\t<\/div>\n\t\t\t<div class=\"image-tools grid-tools text-center hide-for-small bottom hover-slide-in show-on-hover\">\n\t\t\t\t\t\t\t<\/div>\n\t\t\t\t\t<\/div>\n\n\t\t<div class=\"box-text box-text-products text-center grid-style-2\">\n\t\t\t<div class=\"title-wrapper\"><p class=\"name product-title woocommerce-loop-product__title\"><a href=\"https:\/\/www.ayvaz.com\/en\/product\/pressure-reducing-valve\/\" class=\"woocommerce-LoopProduct-link woocommerce-loop-product__link\">Pressure Reducing Valve<\/a><\/p><\/div><div class=\"price-wrapper\"><\/div>\t\t<\/div>\n\t<\/div>\n\t\t<\/div>\n<\/div><\/div>\n\n\n\t\t<\/div>\n\t\t\t\t\t<\/div>\n\n\t\n\n<\/div>\n\n\t\t<\/div>\n\n\t\t\n<style>\n#section_1037462818 {\n  padding-top: 60px;\n  padding-bottom: 60px;\n}\n#section_1037462818 .ux-shape-divider--top svg {\n  height: 150px;\n  --divider-top-width: 100%;\n}\n#section_1037462818 .ux-shape-divider--bottom svg {\n  height: 150px;\n  --divider-width: 100%;\n}\n<\/style>\n\t<\/section>\n\t","protected":false},"excerpt":{"rendered":"","protected":false},"author":1,"featured_media":0,"parent":0,"menu_order":0,"comment_status":"closed","ping_status":"closed","template":"page-transparent-header-light.php","meta":{"_acf_changed":false,"footnotes":"","_wp_rev_ctl_limit":""},"class_list":["post-4911","page","type-page","status-publish","hentry"],"acf":[],"aioseo_notices":[],"_links":{"self":[{"href":"https:\/\/www.ayvaz.com\/en\/wp-json\/wp\/v2\/pages\/4911","targetHints":{"allow":["GET"]}}],"collection":[{"href":"https:\/\/www.ayvaz.com\/en\/wp-json\/wp\/v2\/pages"}],"about":[{"href":"https:\/\/www.ayvaz.com\/en\/wp-json\/wp\/v2\/types\/page"}],"author":[{"embeddable":true,"href":"https:\/\/www.ayvaz.com\/en\/wp-json\/wp\/v2\/users\/1"}],"replies":[{"embeddable":true,"href":"https:\/\/www.ayvaz.com\/en\/wp-json\/wp\/v2\/comments?post=4911"}],"version-history":[{"count":0,"href":"https:\/\/www.ayvaz.com\/en\/wp-json\/wp\/v2\/pages\/4911\/revisions"}],"wp:attachment":[{"href":"https:\/\/www.ayvaz.com\/en\/wp-json\/wp\/v2\/media?parent=4911"}],"curies":[{"name":"wp","href":"https:\/\/api.w.org\/{rel}","templated":true}]}}