{"id":1655,"date":"2023-08-16T09:51:09","date_gmt":"2023-08-16T09:51:09","guid":{"rendered":"https:\/\/ayvaz.sipa.web.tr\/?page_id=1655"},"modified":"2024-12-12T12:23:07","modified_gmt":"2024-12-12T12:23:07","slug":"contact","status":"publish","type":"page","link":"https:\/\/www.ayvaz.com\/en\/contact\/","title":{"rendered":"Contact"},"content":{"rendered":"\t<section class=\"section dark\" id=\"section_346546337\">\n\t\t<div class=\"bg section-bg fill bg-fill  \" >\n\n\t\t\t\n\t\t\t\n\t\t\t\n\n\t\t<\/div>\n\n\t\t\n\n\t\t<div class=\"section-content relative\">\n\t\t\t\n\n<div class=\"row align-center\"  id=\"row-996184268\">\n\n\n\t<div id=\"col-1815996418\" class=\"col medium-8 small-12 large-10\"  >\n\t\t\t\t<div class=\"col-inner text-center\"  >\n\t\t\t\n\t\t\t\n\n\t<div id=\"gap-934911324\" class=\"gap-element clearfix\" style=\"display:block; height:auto;\">\n\t\t\n<style>\n#gap-934911324 {\n  padding-top: 30px;\n}\n<\/style>\n\t<\/div>\n\t\n\n\t<div id=\"text-1203406087\" class=\"text\">\n\t\t\n\n<h1 class=\"uppercase\">CONTACT<\/h1>\n\t\t\n<style>\n#text-1203406087 {\n  font-size: 1.75rem;\n}\n@media (min-width:550px) {\n  #text-1203406087 {\n    font-size: 2.75rem;\n  }\n}\n@media (min-width:850px) {\n  #text-1203406087 {\n    font-size: 2.25rem;\n  }\n}\n<\/style>\n\t<\/div>\n\t\n\t<div id=\"text-357858754\" class=\"text\">\n\t\t\n\nYou are in the right place for all the information and support you need. At Ayvaz, we are always here to provide the best service to our customers.\n\t\t\n<style>\n#text-357858754 {\n  font-size: 1.2rem;\n}\n<\/style>\n\t<\/div>\n\t\n\n\t\t<\/div>\n\t\t\t\t\t<\/div>\n\n\t\n\n<\/div>\n\n\t\t<\/div>\n\n\t\t\n<style>\n#section_346546337 {\n  padding-top: 0px;\n  padding-bottom: 0px;\n  min-height: 350px;\n}\n#section_346546337 .section-bg.bg-loaded {\n  background-image: url(https:\/\/www.ayvaz.com\/wp-content\/uploads\/2023\/08\/contact.jpg);\n}\n#section_346546337 .section-bg {\n  background-position: 50% 33%;\n}\n#section_346546337 .ux-shape-divider--top svg {\n  height: 150px;\n  --divider-top-width: 100%;\n}\n#section_346546337 .ux-shape-divider--bottom svg {\n  height: 150px;\n  --divider-width: 100%;\n}\n@media (min-width:550px) {\n  #section_346546337 {\n    min-height: 650px;\n  }\n}\n<\/style>\n\t<\/section>\n\t\n\t<section class=\"section\" id=\"section_1335813370\">\n\t\t<div class=\"bg section-bg fill bg-fill  bg-loaded\" >\n\n\t\t\t\n\t\t\t\n\t\t\t\n\n\t\t<\/div>\n\n\t\t\n\n\t\t<div class=\"section-content relative\">\n\t\t\t\n\n  <div id=\"page-header-1391236637\" class=\"page-header-wrapper\">\n  <div class=\"page-title light simple-title\">\n\n    \n    <div class=\"page-title-inner container align-center flex-row medium-flex-wrap\" >\n            <div class=\"title-content flex-col flex-right text-right medium-text-center\">\n        <div class=\"title-breadcrumbs pb-half pt-half\"><nav class=\"woocommerce-breadcrumb breadcrumbs \">Home<\/nav><\/div>      <\/div>\n    <\/div>\n\n       <\/div>\n    <\/div>\n  \n\n\n\t\t<\/div>\n\n\t\t\n<style>\n#section_1335813370 {\n  padding-top: 2px;\n  padding-bottom: 2px;\n  background-color: rgb(245, 245, 245);\n}\n#section_1335813370 .ux-shape-divider--top svg {\n  height: 150px;\n  --divider-top-width: 100%;\n}\n#section_1335813370 .ux-shape-divider--bottom svg {\n  height: 150px;\n  --divider-width: 100%;\n}\n<\/style>\n\t<\/section>\n\t\n<div class=\"row align-center\"  id=\"row-1304573260\">\n\n\n\t<div id=\"col-1308803822\" class=\"col medium-11 small-12 large-11\"  >\n\t\t\t\t<div class=\"col-inner\"  >\n\t\t\t\n\t\t\t\n\n\t<section class=\"section\" id=\"section_1333525616\">\n\t\t<div class=\"bg section-bg fill bg-fill  bg-loaded\" >\n\n\t\t\t\n\t\t\t\n\t\t\t\n\t<div class=\"is-border\"\n\t\tstyle=\"border-color:rgb(235, 235, 235);border-width:1px 1px 1px 1px;\">\n\t<\/div>\n\n\t\t<\/div>\n\n\t\t\n\n\t\t<div class=\"section-content relative\">\n\t\t\t\n\n<div class=\"row row-large\"  id=\"row-202725004\">\n\n\n\t<div id=\"col-280340626\" class=\"col medium-6 small-12 large-6\"  >\n\t\t\t\t<div class=\"col-inner\"  >\n\t\t\t\n\t\t\t\n\n<h2>CONTACT US<\/h2>\n\n<div class=\"wpcf7 no-js\" id=\"wpcf7-f3463-o1\" lang=\"tr-TR\" dir=\"ltr\" data-wpcf7-id=\"3463\">\n<div class=\"screen-reader-response\"><p role=\"status\" aria-live=\"polite\" aria-atomic=\"true\"><\/p> <ul><\/ul><\/div>\n<form action=\"\/en\/wp-json\/wp\/v2\/pages\/1655#wpcf7-f3463-o1\" method=\"post\" class=\"wpcf7-form init\" aria-label=\"\u0130leti\u015fim Formu\" novalidate=\"novalidate\" data-status=\"init\">\n<div style=\"display: none;\">\n<input type=\"hidden\" name=\"_wpcf7\" value=\"3463\" \/>\n<input type=\"hidden\" name=\"_wpcf7_version\" value=\"6.0.6\" \/>\n<input type=\"hidden\" name=\"_wpcf7_locale\" value=\"tr_TR\" \/>\n<input type=\"hidden\" name=\"_wpcf7_unit_tag\" value=\"wpcf7-f3463-o1\" \/>\n<input type=\"hidden\" name=\"_wpcf7_container_post\" value=\"0\" \/>\n<input type=\"hidden\" name=\"_wpcf7_posted_data_hash\" value=\"\" \/>\n<input type=\"hidden\" name=\"_wpcf7_recaptcha_response\" value=\"\" \/>\n<\/div>\n<p><label>Name, Surname (Required)<\/label><br \/>\n<span class=\"wpcf7-form-control-wrap\" data-name=\"your-name\"><input size=\"40\" maxlength=\"400\" class=\"wpcf7-form-control wpcf7-text wpcf7-validates-as-required\" aria-required=\"true\" aria-invalid=\"false\" value=\"\" type=\"text\" name=\"your-name\" \/><\/span>\n<\/p>\n<p><label>E-Mail Adress (Required)<\/label><br \/>\n<span class=\"wpcf7-form-control-wrap\" data-name=\"your-email\"><input size=\"40\" maxlength=\"400\" class=\"wpcf7-form-control wpcf7-email wpcf7-validates-as-required wpcf7-text wpcf7-validates-as-email\" aria-required=\"true\" aria-invalid=\"false\" value=\"\" type=\"email\" name=\"your-email\" \/><\/span>\n<\/p>\n<p><label>Subject (Optional)<\/label><br \/>\n<span class=\"wpcf7-form-control-wrap\" data-name=\"your-subject\"><input size=\"40\" maxlength=\"400\" class=\"wpcf7-form-control wpcf7-text wpcf7-validates-as-required\" aria-required=\"true\" aria-invalid=\"false\" value=\"\" type=\"text\" name=\"your-subject\" \/><\/span>\n<\/p>\n<p><label>Message (Required)<\/label><br \/>\n<span class=\"wpcf7-form-control-wrap\" data-name=\"your-message\"><textarea cols=\"40\" rows=\"10\" maxlength=\"2000\" class=\"wpcf7-form-control wpcf7-textarea\" aria-invalid=\"false\" name=\"your-message\"><\/textarea><\/span>\n<\/p>\n\n<p><input class=\"wpcf7-form-control wpcf7-submit has-spinner button\" type=\"submit\" value=\"Submit\" \/>\n<\/p><div class=\"wpcf7-response-output\" aria-hidden=\"true\"><\/div>\n<\/form>\n<\/div>\n\n\n<p><iframe loading=\"lazy\" style=\"border: 0;\" src=\"https:\/\/www.google.com\/maps\/embed?pb=!1m14!1m8!1m3!1d6009.410956525695!2d28.641568!3d41.140955!3m2!1i1024!2i768!4f13.1!3m3!1m2!1s0x14b55796f6569ab1%3A0x12433bb5e27d9a83!2sHac%C4%B1%20Ayvaz%20End%C3%BCstriyel%20Mamuller%20A.%C5%9E.!5e0!3m2!1str!2sus!4v1692180910471!5m2!1str!2sus\" width=\"600\" height=\"450\" allowfullscreen=\"allowfullscreen\"><\/iframe><\/p>\n\n\t\t<\/div>\n\t\t\t\t\t<\/div>\n\n\t\n\n\t<div id=\"col-1255815702\" class=\"col medium-6 small-12 large-6\"  >\n\t\t\t\t<div class=\"col-inner\"  >\n\t\t\t\n\t\t\t\n\n<h2>HEAD OFFICE \/ FACTORY<\/h2>\n<p>Atat\u00fcrk Sanayi B\u00f6lgesi Had\u0131mk\u00f6y Mah. Mustafa \u0130nan Cad. No:44\u00a0 Arnavutk\u00f6y - \u0130STANBUL<\/p>\n<p>Phone: 444 21 50<br \/>Fax: +90 (212) 771 25 60 \/ +90 (212) 771 42 27<br \/>Email: <a href=\"mailto:info@ayvaz.com\">info@ayvaz.com<\/a> \/ <a href=\"mailto:sales@ayvaz.com\">sales@ayvaz.com<\/a><\/p>\n\t<div id=\"gap-252062858\" class=\"gap-element clearfix\" style=\"display:block; height:auto;\">\n\t\t\n<style>\n#gap-252062858 {\n  padding-top: 20px;\n}\n<\/style>\n\t<\/div>\n\t\n\n<h2>INTERNATIONAL OFFICES<\/h2>\n\t<div id=\"gap-148995297\" class=\"gap-element clearfix\" style=\"display:block; height:auto;\">\n\t\t\n<style>\n#gap-148995297 {\n  padding-top: 20px;\n}\n<\/style>\n\t<\/div>\n\t\n\n<p><strong>AYVAZ ITALY<\/strong><br \/>Tel: +39 0823 187 3988<br \/><a href=\"mailto:rmolaro@ayvaz.com\">rmolaro@ayvaz.com<\/a><\/p>\n<p><strong>AYVAZ GERMANY<\/strong><br \/>Tel: +49 62046014399<br \/><a href=\"mailto:germany@ayvaz.com\">germany@ayvaz.com<\/a><\/p>\n<p><strong>AYVAZ UKRAINE<\/strong><br \/>Tel: +380 44 390 57 57<br \/>info@ayvaz.ua<\/p>\n<p><strong>AYVAZ POLAND<\/strong><br \/>Tel: +48 530 030 810<br \/><a href=\"mailto:tricorr@tricorr.eu\">tricorr@tricorr.eu<\/a><\/p>\n<p><strong>AYVAZ DUBAI\/U.A.E<\/strong><br \/>Tel: +971 544431048<br \/>+971 501306871<br \/><a href=\"mailto:mideast@ayvaz.com\">mideast@ayvaz.com<\/a><\/p>\n<p><strong>AYVAZ XIAMEN\/CHINA<\/strong><br \/>Tel: +86 0574 5897 3851<br \/><a href=\"mailto:info@ayvazchina.com\">info@ayvazchina.com<\/a><\/p>\n<p><strong>AYVAZ KAZAKHSTAN<\/strong><br \/>Tel: +77010660661<br \/><a href=\"mailto:celyas@ayvaz.com\">celyas@ayvaz.com<\/a><\/p>\n<p><strong>AYVAZ BULGARIA<\/strong><br \/>Tel: +359 8431 27 32<br \/><a href=\"mailto:office@ayvaz-n.eu\">office@ayvaz-n.eu<\/a><\/p>\n<p><strong>AYVAZ SERBIA<\/strong><br \/>Tel: +381 61 658 70 52<br \/><a href=\"mailto:yakbiyik@ayvaz.com\">yakbiyik@ayvaz.com<\/a><\/p>\n<p><strong>AYVAZ VIETNAM<\/strong><br \/>Tel: +84\u00a0 89 850 83 45<br \/><a href=\"mailto:ggursoy@ayvaz.com\">ggursoy@ayvaz.com<\/a><\/p>\n<p><strong>AYVAZ AZERBAIJAN<\/strong><br \/>Tel: +994 51 617 19 80<br \/><a href=\"mailto:ahayatov@ayvaz.com\">ahayatov@ayvaz.com<\/a><\/p>\n\n\t\t<\/div>\n\t\t\t\t\t<\/div>\n\n\t\n\n\n<style>\n#row-202725004 > .col > .col-inner {\n  padding: 10px 10px 10px 10px;\n}\n@media (min-width:550px) {\n  #row-202725004 > .col > .col-inner {\n    padding: 30px 30px 0 30px;\n  }\n}\n<\/style>\n<\/div>\n\n\t\t<\/div>\n\n\t\t\n<style>\n#section_1333525616 {\n  padding-top: 30px;\n  padding-bottom: 30px;\n}\n#section_1333525616 .ux-shape-divider--top svg {\n  height: 150px;\n  --divider-top-width: 100%;\n}\n#section_1333525616 .ux-shape-divider--bottom svg {\n  height: 150px;\n  --divider-width: 100%;\n}\n<\/style>\n\t<\/section>\n\t\n\n\t\t<\/div>\n\t\t\t\t\n<style>\n#col-1308803822 > .col-inner {\n  margin: 0px 0px 30px 0px;\n}\n<\/style>\n\t<\/div>\n\n\t\n\n<\/div>","protected":false},"excerpt":{"rendered":"","protected":false},"author":1,"featured_media":0,"parent":0,"menu_order":0,"comment_status":"closed","ping_status":"closed","template":"page-transparent-header-light.php","meta":{"_acf_changed":false,"footnotes":"","_wp_rev_ctl_limit":""},"class_list":["post-1655","page","type-page","status-publish","hentry"],"acf":[],"aioseo_notices":[],"_links":{"self":[{"href":"https:\/\/www.ayvaz.com\/en\/wp-json\/wp\/v2\/pages\/1655","targetHints":{"allow":["GET"]}}],"collection":[{"href":"https:\/\/www.ayvaz.com\/en\/wp-json\/wp\/v2\/pages"}],"about":[{"href":"https:\/\/www.ayvaz.com\/en\/wp-json\/wp\/v2\/types\/page"}],"author":[{"embeddable":true,"href":"https:\/\/www.ayvaz.com\/en\/wp-json\/wp\/v2\/users\/1"}],"replies":[{"embeddable":true,"href":"https:\/\/www.ayvaz.com\/en\/wp-json\/wp\/v2\/comments?post=1655"}],"version-history":[{"count":0,"href":"https:\/\/www.ayvaz.com\/en\/wp-json\/wp\/v2\/pages\/1655\/revisions"}],"wp:attachment":[{"href":"https:\/\/www.ayvaz.com\/en\/wp-json\/wp\/v2\/media?parent=1655"}],"curies":[{"name":"wp","href":"https:\/\/api.w.org\/{rel}","templated":true}]}}